{"id":261,"date":"2024-04-04T07:49:22","date_gmt":"2024-04-04T07:49:22","guid":{"rendered":"https:\/\/tudoffice.pt\/beta\/?page_id=261"},"modified":"2024-04-04T08:49:56","modified_gmt":"2024-04-04T08:49:56","slug":"acordos-de-impressao","status":"publish","type":"page","link":"https:\/\/tudoffice.pt\/beta\/acordos-de-impressao\/","title":{"rendered":"Acordos de Impress\u00e3o"},"content":{"rendered":"\n<div class=\"row row-collapse row-full-width\"  id=\"row-558357049\">\n\n\n\t<div id=\"col-846561066\" class=\"col medium-6 small-12 large-6\"  >\n\t\t\t\t<div class=\"col-inner\"  >\n\t\t\t\n\t\t\t\n\n\n  <div class=\"banner has-hover is-full-height\" id=\"banner-1959958897\">\n          <div class=\"banner-inner fill\">\n        <div class=\"banner-bg fill\" >\n            <div class=\"bg fill bg-fill \"><\/div>\n                        <div class=\"overlay\"><\/div>            \n                    <\/div>\n\t\t\n        <div class=\"banner-layers container\">\n            <div class=\"fill banner-link\"><\/div>            \n\n   <div id=\"text-box-54825748\" class=\"text-box banner-layer text-box-circle show-for-small x50 md-x50 lg-x50 y75 md-y75 lg-y75 res-text\">\n                     <div data-animate=\"bounceInDown\">           <div class=\"text-box-content text dark\">\n              \n              <div class=\"text-inner text-center\">\n                  \n\n\t<div class=\"img has-hover x md-x lg-x y md-y lg-y\" id=\"image_1963529570\">\n\t\t<a class=\"\" href=\"\/#more\" >\t\t\t\t\t\t<div class=\"img-inner dark\" >\n\t\t\t<img loading=\"lazy\" decoding=\"async\" width=\"512\" height=\"512\" src=\"https:\/\/tudoffice.pt\/beta\/wp-content\/uploads\/2024\/04\/down-arrow.png\" class=\"attachment-large size-large\" alt=\"\" srcset=\"https:\/\/tudoffice.pt\/beta\/wp-content\/uploads\/2024\/04\/down-arrow.png 512w, https:\/\/tudoffice.pt\/beta\/wp-content\/uploads\/2024\/04\/down-arrow-300x300.png 300w, https:\/\/tudoffice.pt\/beta\/wp-content\/uploads\/2024\/04\/down-arrow-150x150.png 150w\" sizes=\"auto, (max-width: 512px) 100vw, 512px\" \/>\t\t\t\t\t\t\n\t\t\t\t\t<\/div>\n\t\t\t\t\t\t<\/a>\t\t\n<style>\n#image_1963529570 {\n  width: 100%;\n}\n<\/style>\n\t<\/div>\n\t\n\n\n              <\/div>\n           <\/div>\n       <\/div>                     \n<style>\n#text-box-54825748 .text-box-content {\n  background-color: rgba(255, 255, 255, 0);\n  border-radius: 500px;\n  font-size: 100%;\n}\n#text-box-54825748 {\n  width: 10%;\n}\n<\/style>\n    <\/div>\n \n\n        <\/div>\n      <\/div>\n\n            \n<style>\n#banner-1959958897 {\n  padding-top: 100%;\n}\n#banner-1959958897 .bg.bg-loaded {\n  background-image: url(https:\/\/tudoffice.pt\/beta\/wp-content\/uploads\/2024\/04\/brandi-redd-aJTiW00qqtI-unsplash-scaled.jpg);\n}\n#banner-1959958897 .overlay {\n  background-color: rgba(0, 0, 0, 0.215);\n}\n#banner-1959958897 .bg {\n  background-position: 21% 87%;\n}\n<\/style>\n  <\/div>\n\n\n\n\t\t<\/div>\n\t\t\t\t\t<\/div>\n\n\t\n\n\t<div id=\"col-777286548\" class=\"col medium-6 small-12 large-6\"  >\n\t\t\t\t<div class=\"col-inner\"  >\n\t\t\t\n\t\t\t\n\n\t<section class=\"section\" id=\"section_1178962248\">\n\t\t<div class=\"bg section-bg fill bg-fill  bg-loaded\" >\n\n\t\t\t\n\t\t\t\n\t\t\t\n\n\t\t<\/div>\n\n\t\t\n\n\t\t<div class=\"section-content relative\">\n\t\t\t\n\n<span class=\"scroll-to\" data-label=\"Scroll to: #more\" data-bullet=\"false\" data-link=\"#more\" data-title=\"more\" ><a name=\"more\"><\/a><\/span>\n\n<div class=\"row row-small\" style=\"max-width:600px\" id=\"row-1767543523\">\n\n\n\t<div id=\"col-325382438\" class=\"col small-12 large-12\"  >\n\t\t\t\t<div class=\"col-inner\"  >\n\t\t\t\n\t\t\t\n\n<h1 class=\"uppercase\"><span style=\"font-size: 100%;\" data-line-height=\"s\"><strong>ACORDOS DE IMPRESS\u00c3O &amp; ASSIST\u00caNCIA T\u00c9CNICA<\/strong><\/span><\/h1>\n<p><strong>Desfrute de uma solu\u00e7\u00e3o completa e chave na m\u00e3o com os Acordos de Impress\u00e3o Tudoffice.<\/strong><\/p>\n<p>Oferecemos uma solu\u00e7\u00e3o completa de impress\u00e3o. Equipamento e sua instala\u00e7\u00e3o at\u00e9 a assist\u00eancia t\u00e9cnica e monitoriza\u00e7\u00e3o remota. Pre\u00e7os desde 14.99\u20ac. Uma op\u00e7\u00e3o acess\u00edvel para melhorar a efici\u00eancia e reduzir os custos da sua empresa.<\/p>\n<div class=\"is-divider divider clearfix\" style=\"max-width:120px;height:2px;\"><\/div>\n\n\t<div id=\"gap-519584558\" class=\"gap-element clearfix\" style=\"display:block; height:auto;\">\n\t\t\n<style>\n#gap-519584558 {\n  padding-top: 10px;\n}\n<\/style>\n\t<\/div>\n\t\n\n<a href=\"\/beta\/contatos\" class=\"button primary is-outline\"  >\n    <span>PEDIR PROPOSTA<\/span>\n  <\/a>\n\n\n\n\t\t<\/div>\n\t\t\t\t\t<\/div>\n\n\t\n\n\n<style>\n#row-1767543523 > .col > .col-inner {\n  padding: 0px 0px 0px 00px;\n}\n@media (min-width:550px) {\n  #row-1767543523 > .col > .col-inner {\n    padding: 60px 60px 0px 60px;\n  }\n}\n<\/style>\n<\/div>\n\t<div class=\"img has-hover x md-x lg-x y md-y lg-y\" id=\"image_352376965\">\n\t\t\t\t\t\t\t\t<div class=\"img-inner image-cover dark\" style=\"padding-top:38%;\">\n\t\t\t<img loading=\"lazy\" decoding=\"async\" width=\"1000\" height=\"644\" src=\"https:\/\/tudoffice.pt\/beta\/wp-content\/uploads\/2024\/04\/acordos.png\" class=\"attachment-original size-original\" alt=\"\" srcset=\"https:\/\/tudoffice.pt\/beta\/wp-content\/uploads\/2024\/04\/acordos.png 1000w, https:\/\/tudoffice.pt\/beta\/wp-content\/uploads\/2024\/04\/acordos-300x193.png 300w, https:\/\/tudoffice.pt\/beta\/wp-content\/uploads\/2024\/04\/acordos-768x495.png 768w, https:\/\/tudoffice.pt\/beta\/wp-content\/uploads\/2024\/04\/acordos-18x12.png 18w\" sizes=\"auto, (max-width: 1000px) 100vw, 1000px\" \/>\t\t\t\t\t\t\n\t\t\t\t\t<\/div>\n\t\t\t\t\t\t\t\t\n<style>\n#image_352376965 {\n  width: 100%;\n}\n<\/style>\n\t<\/div>\n\t\n\n\n\t\t<\/div>\n\n\t\t\n<style>\n#section_1178962248 {\n  padding-top: 30px;\n  padding-bottom: 30px;\n}\n@media (min-width:550px) {\n  #section_1178962248 {\n    padding-top: 30px;\n    padding-bottom: 30px;\n  }\n}\n<\/style>\n\t<\/section>\n\t\n\n\t\t<\/div>\n\t\t\t\t\t<\/div>\n\n\t\n\n\n<style>\n#row-558357049 > .col > .col-inner {\n  padding: px 0px 0px 0px;\n}\n<\/style>\n<\/div>\n\n","protected":false},"excerpt":{"rendered":"","protected":false},"author":1,"featured_media":0,"parent":0,"menu_order":0,"comment_status":"closed","ping_status":"closed","template":"page-blank.php","meta":{"_joinchat":[],"footnotes":""},"class_list":["post-261","page","type-page","status-publish","hentry"],"_links":{"self":[{"href":"https:\/\/tudoffice.pt\/beta\/wp-json\/wp\/v2\/pages\/261","targetHints":{"allow":["GET"]}}],"collection":[{"href":"https:\/\/tudoffice.pt\/beta\/wp-json\/wp\/v2\/pages"}],"about":[{"href":"https:\/\/tudoffice.pt\/beta\/wp-json\/wp\/v2\/types\/page"}],"author":[{"embeddable":true,"href":"https:\/\/tudoffice.pt\/beta\/wp-json\/wp\/v2\/users\/1"}],"replies":[{"embeddable":true,"href":"https:\/\/tudoffice.pt\/beta\/wp-json\/wp\/v2\/comments?post=261"}],"version-history":[{"count":22,"href":"https:\/\/tudoffice.pt\/beta\/wp-json\/wp\/v2\/pages\/261\/revisions"}],"predecessor-version":[{"id":313,"href":"https:\/\/tudoffice.pt\/beta\/wp-json\/wp\/v2\/pages\/261\/revisions\/313"}],"wp:attachment":[{"href":"https:\/\/tudoffice.pt\/beta\/wp-json\/wp\/v2\/media?parent=261"}],"curies":[{"name":"wp","href":"https:\/\/api.w.org\/{rel}","templated":true}]}}