{"id":26,"date":"2024-04-01T13:44:24","date_gmt":"2024-04-01T13:44:24","guid":{"rendered":"https:\/\/tudoffice.pt\/beta\/?page_id=26"},"modified":"2024-04-04T08:52:05","modified_gmt":"2024-04-04T08:52:05","slug":"sobre","status":"publish","type":"page","link":"https:\/\/tudoffice.pt\/beta\/sobre\/","title":{"rendered":"Sobre"},"content":{"rendered":"\n<div class=\"row row-collapse row-full-width\"  id=\"row-945348054\">\n\n\n\t<div id=\"col-678115786\" class=\"col medium-6 small-12 large-6\"  >\n\t\t\t\t<div class=\"col-inner\"  >\n\t\t\t\n\t\t\t\n\n\n  <div class=\"banner has-hover is-full-height\" id=\"banner-2112889160\">\n          <div class=\"banner-inner fill\">\n        <div class=\"banner-bg fill\" >\n            <div class=\"bg fill bg-fill \"><\/div>\n                        <div class=\"overlay\"><\/div>            \n                    <\/div>\n\t\t\n        <div class=\"banner-layers container\">\n            <div class=\"fill banner-link\"><\/div>            \n\n   <div id=\"text-box-1914244289\" class=\"text-box banner-layer text-box-circle show-for-small x50 md-x50 lg-x50 y75 md-y75 lg-y75 res-text\">\n                     <div data-animate=\"bounceInDown\">           <div class=\"text-box-content text dark\">\n              \n              <div class=\"text-inner text-center\">\n                  \n\n\t<div class=\"img has-hover x md-x lg-x y md-y lg-y\" id=\"image_1086400815\">\n\t\t<a class=\"\" href=\"\/#more\" >\t\t\t\t\t\t<div class=\"img-inner dark\" >\n\t\t\t<img loading=\"lazy\" decoding=\"async\" width=\"512\" height=\"512\" src=\"https:\/\/tudoffice.pt\/beta\/wp-content\/uploads\/2024\/04\/down-arrow.png\" class=\"attachment-large size-large\" alt=\"\" srcset=\"https:\/\/tudoffice.pt\/beta\/wp-content\/uploads\/2024\/04\/down-arrow.png 512w, https:\/\/tudoffice.pt\/beta\/wp-content\/uploads\/2024\/04\/down-arrow-300x300.png 300w, https:\/\/tudoffice.pt\/beta\/wp-content\/uploads\/2024\/04\/down-arrow-150x150.png 150w\" sizes=\"auto, (max-width: 512px) 100vw, 512px\" \/>\t\t\t\t\t\t\n\t\t\t\t\t<\/div>\n\t\t\t\t\t\t<\/a>\t\t\n<style>\n#image_1086400815 {\n  width: 100%;\n}\n<\/style>\n\t<\/div>\n\t\n\n\n              <\/div>\n           <\/div>\n       <\/div>                     \n<style>\n#text-box-1914244289 .text-box-content {\n  background-color: rgba(255, 255, 255, 0);\n  border-radius: 500px;\n  font-size: 100%;\n}\n#text-box-1914244289 {\n  width: 10%;\n}\n<\/style>\n    <\/div>\n \n\n        <\/div>\n      <\/div>\n\n            \n<style>\n#banner-2112889160 {\n  padding-top: 100%;\n}\n#banner-2112889160 .bg.bg-loaded {\n  background-image: url(https:\/\/tudoffice.pt\/beta\/wp-content\/uploads\/2024\/04\/savannah-wakefield-XUfyxE02Z2M-unsplash-scaled.jpg);\n}\n#banner-2112889160 .overlay {\n  background-color: rgba(0, 0, 0, 0.1);\n}\n#banner-2112889160 .bg {\n  background-position: 47% 100%;\n}\n<\/style>\n  <\/div>\n\n\n\n\t\t<\/div>\n\t\t\t\t\t<\/div>\n\n\t\n\n\t<div id=\"col-1145393787\" class=\"col medium-6 small-12 large-6\"  >\n\t\t\t\t<div class=\"col-inner\"  >\n\t\t\t\n\t\t\t\n\n\t<section class=\"section\" id=\"section_1547288641\">\n\t\t<div class=\"bg section-bg fill bg-fill  bg-loaded\" >\n\n\t\t\t\n\t\t\t\n\t\t\t\n\n\t\t<\/div>\n\n\t\t\n\n\t\t<div class=\"section-content relative\">\n\t\t\t\n\n<span class=\"scroll-to\" data-label=\"Scroll to: #more\" data-bullet=\"false\" data-link=\"#more\" data-title=\"more\" ><a name=\"more\"><\/a><\/span>\n\n<div class=\"row row-small\" style=\"max-width:600px\" id=\"row-675425094\">\n\n\n\t<div id=\"col-1337634865\" class=\"col small-12 large-12\"  >\n\t\t\t\t<div class=\"col-inner\"  >\n\t\t\t\n\t\t\t\n\n<h1 class=\"uppercase\"><span style=\"font-size: 100%;\" data-line-height=\"s\"><strong>SOBRE N\u00d3S<\/strong><\/span><\/h1>\n<p><strong>A Tudoffice \u00e9 uma empresa especializada no com\u00e9rcio de todo o tipo de consum\u00edveis de impress\u00e3o e equipamentos de impress\u00e3o.<\/strong><\/p>\n<p>Comercializa tamb\u00e9m todo o tipo de material de papelaria e consum\u00edveis de escrit\u00f3rio.<\/p>\n<p>Como a quest\u00e3o ambiental \u00e9 tamb\u00e9m uma das preocupa\u00e7\u00f5es dos nossos dias a Tudoffice disp\u00f5e de um servi\u00e7o de recolha seletivo de consum\u00edveis de impress\u00e3o (tinteiros e toners).<\/p>\n<div class=\"is-divider divider clearfix\" style=\"max-width:120px;height:2px;\"><\/div>\n\n\t<div id=\"gap-376816313\" class=\"gap-element clearfix\" style=\"display:block; height:auto;\">\n\t\t\n<style>\n#gap-376816313 {\n  padding-top: 10px;\n}\n<\/style>\n\t<\/div>\n\t\n\n<a href=\"\/beta\/contatos\" class=\"button primary is-outline\"  >\n    <span>VAMOS FALAR?<\/span>\n  <\/a>\n\n\n\n\t\t<\/div>\n\t\t\t\t\t<\/div>\n\n\t\n\n\n<style>\n#row-675425094 > .col > .col-inner {\n  padding: 0px 0px 0px 00px;\n}\n@media (min-width:550px) {\n  #row-675425094 > .col > .col-inner {\n    padding: 60px 60px 0px 60px;\n  }\n}\n<\/style>\n<\/div>\n\n\t\t<\/div>\n\n\t\t\n<style>\n#section_1547288641 {\n  padding-top: 30px;\n  padding-bottom: 30px;\n}\n@media (min-width:550px) {\n  #section_1547288641 {\n    padding-top: 30px;\n    padding-bottom: 30px;\n  }\n}\n<\/style>\n\t<\/section>\n\t\n\n\t\t<\/div>\n\t\t\t\t\t<\/div>\n\n\t\n\n\n<style>\n#row-945348054 > .col > .col-inner {\n  padding: px 0px 0px 0px;\n}\n<\/style>\n<\/div>\n\n","protected":false},"excerpt":{"rendered":"","protected":false},"author":1,"featured_media":0,"parent":0,"menu_order":0,"comment_status":"closed","ping_status":"closed","template":"page-blank.php","meta":{"_joinchat":[],"footnotes":""},"class_list":["post-26","page","type-page","status-publish","hentry"],"_links":{"self":[{"href":"https:\/\/tudoffice.pt\/beta\/wp-json\/wp\/v2\/pages\/26","targetHints":{"allow":["GET"]}}],"collection":[{"href":"https:\/\/tudoffice.pt\/beta\/wp-json\/wp\/v2\/pages"}],"about":[{"href":"https:\/\/tudoffice.pt\/beta\/wp-json\/wp\/v2\/types\/page"}],"author":[{"embeddable":true,"href":"https:\/\/tudoffice.pt\/beta\/wp-json\/wp\/v2\/users\/1"}],"replies":[{"embeddable":true,"href":"https:\/\/tudoffice.pt\/beta\/wp-json\/wp\/v2\/comments?post=26"}],"version-history":[{"count":21,"href":"https:\/\/tudoffice.pt\/beta\/wp-json\/wp\/v2\/pages\/26\/revisions"}],"predecessor-version":[{"id":273,"href":"https:\/\/tudoffice.pt\/beta\/wp-json\/wp\/v2\/pages\/26\/revisions\/273"}],"wp:attachment":[{"href":"https:\/\/tudoffice.pt\/beta\/wp-json\/wp\/v2\/media?parent=26"}],"curies":[{"name":"wp","href":"https:\/\/api.w.org\/{rel}","templated":true}]}}