{"id":93,"date":"2024-04-01T19:27:10","date_gmt":"2024-04-01T19:27:10","guid":{"rendered":"https:\/\/tudoffice.pt\/beta\/?page_id=93"},"modified":"2024-04-03T10:48:43","modified_gmt":"2024-04-03T10:48:43","slug":"termos-condicoes","status":"publish","type":"page","link":"https:\/\/tudoffice.pt\/beta\/en\/termos-condicoes\/","title":{"rendered":"Termos &#038; Condi\u00e7\u00f5es"},"content":{"rendered":"<div class=\"row row-collapse row-full-width\"  id=\"row-974338565\">\n\n\n\t<div id=\"col-97183584\" class=\"col medium-4 small-12 large-4\"  >\n\t\t\t\t<div class=\"col-inner\"  >\n\t\t\t\n\t\t\t\n\n\n\t\t<\/div>\n\t\t\t\t\t<\/div>\n\n\t\n\n\t<div id=\"col-1793373820\" class=\"col medium-8 small-12 large-8\"  >\n\t\t\t\t<div class=\"col-inner\"  >\n\t\t\t\n\t\t\t\n\n\t<section class=\"section\" id=\"section_153772503\">\n\t\t<div class=\"bg section-bg fill bg-fill  bg-loaded\" >\n\n\t\t\t\n\t\t\t\n\t\t\t\n\n\t\t<\/div>\n\n\t\t\n\n\t\t<div class=\"section-content relative\">\n\t\t\t\n\n<span class=\"scroll-to\" data-label=\"Scroll to: #more\" data-bullet=\"false\" data-link=\"#more\" data-title=\"more\" ><a name=\"more\"><\/a><\/span>\n\n<div class=\"row\" style=\"max-width:800px\" id=\"row-1673930128\">\n\n\n\t<div id=\"col-864498258\" class=\"col small-12 large-12\"  >\n\t\t\t\t<div class=\"col-inner\"  >\n\t\t\t\n\t\t\t\n\n<h1 class=\"uppercase\"><span style=\"font-size: 100%;\" data-line-height=\"s\"><strong>TERMOS &amp; CONDI\u00c7\u00d5ES<\/strong><\/span><\/h1>\n<p><span style=\"font-weight: 400;\">O utilizador do site TUDOFFICE, (\u00e0 frente designada como Empresa) poder\u00e1 inscrever-se no site da empresa, fornecendo algumas informa\u00e7\u00f5es.<\/span><\/p>\n<p><strong>Registo de Ficheiros e formul\u00e1rios<\/strong><\/p>\n<p><span style=\"font-weight: 400;\">Nos termos e para efeitos do disposto na Lei n.\u00ba 67\/98, de 26 de Outubro, relativa \u00e0 Protec\u00e7\u00e3o de Dados Pessoais, designadamente o artigo 10.\u00ba, declaro tomar conhecimento que os dados de car\u00e1cter pessoal recolhidos no presente formul\u00e1rio, se destinam a ser utilizados em processos de selec\u00e7\u00e3o e recrutamento, presentes e futuros, da TUDOFFICE, sendo respons\u00e1vel pelo seu tratamento a sociedade portuguesa denominada por TUDOFFICE, LDA, com sede na Urbaniza\u00e7\u00e3o da Lote P1, Loja A 656, 8400 Parchal. <\/span><\/p>\n<p><span style=\"font-weight: 400;\">Atrav\u00e9s do presente formul\u00e1rio tomo conhecimento e presto o meu consentimento expresso que os dados pessoais ora recolhidos, por for\u00e7a da finalidade supra referida, se destinam a serem introduzidos e tratados, de forma autom\u00e1tica ou n\u00e3o: Nos ficheiros de \u201cArquivo de curr\u00edculo e selec\u00e7\u00e3o de pessoal pela TUDOFFICE\u201d. Nos termos da informa\u00e7\u00e3o supra prestada, declaro consentir o tratamento de dados de car\u00e1cter pessoal \u00e0 empresa, a quem expressamente autorizo que ceda os respectivos dados aos destinat\u00e1rios supracitados, limitando o dito consentimento ao cumprimento dos fins ora indicados. O consentimento ora prestado \u00e9 extens\u00edvel a outras empresas do grupo TUDOFFICE.<\/span><\/p>\n<p><strong>Exactid\u00e3o e fiabilidade das informa\u00e7\u00f5es prestadas<\/strong><\/p>\n<p><span style=\"font-weight: 400;\">O Utilizador garante que os dados pessoais fornecidos \u00e0 Empresa s\u00e3o verdadeiros e precisos, ficando este respons\u00e1vel por comunicar \u00e0 Empresa qualquer altera\u00e7\u00e3o nos mesmos.<\/span><\/p>\n<p><span style=\"font-weight: 400;\">As medidas de seguran\u00e7a relativas aos dados ora fornecidos s\u00e3o as definidas no artigo 14\u00ba e 15.\u00ba da Lei n.\u00ba 67\/98, pelo que os utilizadores podem exercer os direitos de acesso e rectifica\u00e7\u00e3o, cancelamento e oposi\u00e7\u00e3o dos dados agora fornecidos.<\/span><\/p>\n<p><strong>Finalidade<\/strong><\/p>\n<p><span style=\"font-weight: 400;\">A recolha e o tratamento automatizado de dados pessoais, tem como finalidade manter uma poss\u00edvel rela\u00e7\u00e3o profissional com a empresa TUDOFFICE.<\/span><\/p>\n<p><span style=\"font-weight: 400;\">Exerc\u00edcio dos direitos de acesso, rectifica\u00e7\u00e3o, cancelamento e oposi\u00e7\u00e3o<\/span><\/p>\n<p><span style=\"font-weight: 400;\">Poder\u00e1 exercer os seus direitos de acesso, rectifica\u00e7\u00e3o, cancelamento e\/ou oposi\u00e7\u00e3o atrav\u00e9s de comunica\u00e7\u00e3o escrita, acompanhado de documento que comprove a sua identidade e \/ou os dados a rectificar, se aplic\u00e1vel, a enviar para:<\/span><\/p>\n<p><span style=\"font-weight: 400;\">Endere\u00e7o de correio electr\u00f3nico geral@tudoffice.pt<\/span><\/p>\n<p><span style=\"font-weight: 400;\">TUDOFFICE, LDA, com sede na Urbaniza\u00e7\u00e3o da Lote P1, Loja A 656, 8400 Parchal<\/span><\/p>\n<p><strong>Medidas de seguran\u00e7a<\/strong><\/p>\n<p><span style=\"font-weight: 400;\">A Empresa adoptou as normas e medidas de seguran\u00e7a para a protec\u00e7\u00e3o de dados pessoais, instalando nos seus sistemas e ficheiros todas as medidas t\u00e9cnicas necess\u00e1rias para garantir a confidencialidade dos dados, evitar a sua perda, altera\u00e7\u00e3o e acesso.<\/span><\/p>\n<p><span style=\"font-weight: 400;\">No entanto, o utilizador deve estar ciente de que medidas de seguran\u00e7a na Internet n\u00e3o s\u00e3o infal\u00edveis.<\/span><\/p>\n<p><span style=\"font-weight: 400;\">O utilizador compromete-se a utilizar o seu nome de utilizador e a sua password de forma diligente e a mant\u00ea-los secretos. O utilizador assume a responsabilidade exclusiva pela manuten\u00e7\u00e3o da confidencialidade do seu nome de utilizador e da sua password, assumindo pessoalmente quaisquer actividades que se realizem ou que ocorram atrav\u00e9s da utiliza\u00e7\u00e3o dos mesmos.<\/span><\/p>\n<p><span style=\"font-weight: 400;\">O utilizador pode cancelar e desactivar o seu registo em qualquer momento utilizando o seu nome de utilizador e a sua password.<\/span><\/p>\n<p><strong>Aceita\u00e7\u00e3o e aprova\u00e7\u00e3o<\/strong><\/p>\n<p><span style=\"font-weight: 400;\">O utilizador declara ter sido informado das condi\u00e7\u00f5es de protec\u00e7\u00e3o de dados, aceitar e consentir o seu tratamento automatizado pela Empresa, na forma e para os fins descritos na presente Pol\u00edtica de Protec\u00e7\u00e3o de Dados Pessoais.<\/span><\/p>\n<p><span style=\"font-weight: 400;\">Em cumprimento da lei n\u00ba 144\/2015 de 8 de Setembro informamos que para a resolu\u00e7\u00e3o de conflitos de consumo deve ser contactada a comiss\u00e3o arbitral do Turismo de Portugal ou a qualquer uma das entidades devidamente indicadas na lista disponibilizada pela Dire\u00e7\u00e3o Geral do Consumidor.<\/span><\/p>\n<div class=\"is-divider divider clearfix\" style=\"max-width:120px;height:2px;\"><\/div>\n\n\t<div id=\"gap-1164429836\" class=\"gap-element clearfix\" style=\"display:block; height:auto;\">\n\t\t\n<style>\n#gap-1164429836 {\n  padding-top: 10px;\n}\n<\/style>\n\t<\/div>\n\t\n\n\t<div id=\"gap-1761378090\" class=\"gap-element clearfix hidden\" style=\"display:block; height:auto;\">\n\t\t\n<style>\n#gap-1761378090 {\n  padding-top: 30px;\n}\n<\/style>\n\t<\/div>\n\t\n\n\t<div id=\"gap-1524681209\" class=\"gap-element clearfix\" style=\"display:block; height:auto;\">\n\t\t\n<style>\n#gap-1524681209 {\n  padding-top: 30px;\n}\n<\/style>\n\t<\/div>\n\t\n\n\n  \n    <div class=\"row hidden large-columns-4 medium-columns-3 small-columns-2 row-collapse slider row-slider slider-nav-reveal slider-nav-push\"  data-flickity-options='{\"imagesLoaded\": true, \"groupCells\": \"100%\", \"dragThreshold\" : 5, \"cellAlign\": \"left\",\"wrapAround\": true,\"prevNextButtons\": true,\"percentPosition\": true,\"pageDots\": false, \"rightToLeft\": false, \"autoPlay\" : false}' >\n\n  <div class=\"gallery-col col\" >\n          <div class=\"col-inner\">\n            <a class=\"image-lightbox lightbox-gallery\" href=\"https:\/\/tudoffice.pt\/beta\/wp-content\/uploads\/2024\/04\/hp.svg\" title=\"\">            <div class=\"box has-hover gallery-box box-normal\">\n              <div class=\"box-image image-cover\" style=\"padding-top:100%;\">\n                <img loading=\"lazy\" decoding=\"async\" width=\"1\" height=\"1\" src=\"https:\/\/tudoffice.pt\/beta\/wp-content\/uploads\/2024\/04\/hp.svg\" class=\"attachment-large size-large\" alt=\"\" ids=\"430,433,122,188\" style=\"normal\" type=\"slider\" col_spacing=\"collapse\" image_height=\"100%\" image_size=\"large\" visibility=\"hidden\" \/>                                                              <\/div>\n              <div class=\"box-text text-left\" >\n                 <p><\/p>\n              <\/div>\n            <\/div>\n            <\/a>          <\/div>\n         <\/div><div class=\"gallery-col col\" >\n          <div class=\"col-inner\">\n            <a class=\"image-lightbox lightbox-gallery\" href=\"https:\/\/tudoffice.pt\/beta\/wp-content\/uploads\/2024\/04\/bg-1-1024x576.png\" title=\"\">            <div class=\"box has-hover gallery-box box-normal\">\n              <div class=\"box-image image-cover\" style=\"padding-top:100%;\">\n                <img loading=\"lazy\" decoding=\"async\" width=\"1020\" height=\"574\" src=\"https:\/\/tudoffice.pt\/beta\/wp-content\/uploads\/2024\/04\/bg-1-1024x576.png\" class=\"attachment-large size-large\" alt=\"\" ids=\"430,433,122,188\" style=\"normal\" type=\"slider\" col_spacing=\"collapse\" image_height=\"100%\" image_size=\"large\" visibility=\"hidden\" srcset=\"https:\/\/tudoffice.pt\/beta\/wp-content\/uploads\/2024\/04\/bg-1-1024x576.png 1024w, https:\/\/tudoffice.pt\/beta\/wp-content\/uploads\/2024\/04\/bg-1-300x169.png 300w, https:\/\/tudoffice.pt\/beta\/wp-content\/uploads\/2024\/04\/bg-1-768x432.png 768w, https:\/\/tudoffice.pt\/beta\/wp-content\/uploads\/2024\/04\/bg-1-1536x864.png 1536w, https:\/\/tudoffice.pt\/beta\/wp-content\/uploads\/2024\/04\/bg-1-18x10.png 18w, https:\/\/tudoffice.pt\/beta\/wp-content\/uploads\/2024\/04\/bg-1.png 1920w\" sizes=\"auto, (max-width: 1020px) 100vw, 1020px\" \/>                                                              <\/div>\n              <div class=\"box-text text-left\" >\n                 <p><\/p>\n              <\/div>\n            <\/div>\n            <\/a>          <\/div>\n         <\/div><\/div>\n\n\n\t\t<\/div>\n\t\t\t\t\t<\/div>\n\n\t\n\n\n<style>\n#row-1673930128 > .col > .col-inner {\n  padding: 0px 0px 0px 0;\n}\n@media (min-width:550px) {\n  #row-1673930128 > .col > .col-inner {\n    padding: 60px 30px 0px 30px;\n  }\n}\n<\/style>\n<\/div>\n\n\t\t<\/div>\n\n\t\t\n<style>\n#section_153772503 {\n  padding-top: 30px;\n  padding-bottom: 30px;\n}\n<\/style>\n\t<\/section>\n\t\n\n\t\t<\/div>\n\t\t\t\t\t<\/div>\n\n\t\n\n<\/div>","protected":false},"excerpt":{"rendered":"","protected":false},"author":1,"featured_media":0,"parent":0,"menu_order":0,"comment_status":"closed","ping_status":"closed","template":"page-blank.php","meta":{"_joinchat":[],"footnotes":""},"class_list":["post-93","page","type-page","status-publish","hentry"],"_links":{"self":[{"href":"https:\/\/tudoffice.pt\/beta\/en\/wp-json\/wp\/v2\/pages\/93","targetHints":{"allow":["GET"]}}],"collection":[{"href":"https:\/\/tudoffice.pt\/beta\/en\/wp-json\/wp\/v2\/pages"}],"about":[{"href":"https:\/\/tudoffice.pt\/beta\/en\/wp-json\/wp\/v2\/types\/page"}],"author":[{"embeddable":true,"href":"https:\/\/tudoffice.pt\/beta\/en\/wp-json\/wp\/v2\/users\/1"}],"replies":[{"embeddable":true,"href":"https:\/\/tudoffice.pt\/beta\/en\/wp-json\/wp\/v2\/comments?post=93"}],"version-history":[{"count":5,"href":"https:\/\/tudoffice.pt\/beta\/en\/wp-json\/wp\/v2\/pages\/93\/revisions"}],"predecessor-version":[{"id":259,"href":"https:\/\/tudoffice.pt\/beta\/en\/wp-json\/wp\/v2\/pages\/93\/revisions\/259"}],"wp:attachment":[{"href":"https:\/\/tudoffice.pt\/beta\/en\/wp-json\/wp\/v2\/media?parent=93"}],"curies":[{"name":"wp","href":"https:\/\/api.w.org\/{rel}","templated":true}]}}