{"id":90,"date":"2024-04-01T19:26:44","date_gmt":"2024-04-01T19:26:44","guid":{"rendered":"https:\/\/tudoffice.pt\/beta\/?page_id=90"},"modified":"2024-04-03T10:45:07","modified_gmt":"2024-04-03T10:45:07","slug":"politica-de-privacidade","status":"publish","type":"page","link":"https:\/\/tudoffice.pt\/beta\/en\/politica-de-privacidade\/","title":{"rendered":"Pol\u00edtica de Privacidade"},"content":{"rendered":"<div class=\"row row-collapse row-full-width\"  id=\"row-2102446288\">\n\n\n\t<div id=\"col-597207496\" class=\"col medium-4 small-12 large-4\"  >\n\t\t\t\t<div class=\"col-inner\"  >\n\t\t\t\n\t\t\t\n\n\n\t\t<\/div>\n\t\t\t\t\t<\/div>\n\n\t\n\n\t<div id=\"col-357576135\" class=\"col medium-8 small-12 large-8\"  >\n\t\t\t\t<div class=\"col-inner\"  >\n\t\t\t\n\t\t\t\n\n\t<section class=\"section\" id=\"section_1998163619\">\n\t\t<div class=\"bg section-bg fill bg-fill  bg-loaded\" >\n\n\t\t\t\n\t\t\t\n\t\t\t\n\n\t\t<\/div>\n\n\t\t\n\n\t\t<div class=\"section-content relative\">\n\t\t\t\n\n<span class=\"scroll-to\" data-label=\"Scroll to: #more\" data-bullet=\"false\" data-link=\"#more\" data-title=\"more\" ><a name=\"more\"><\/a><\/span>\n\n<div class=\"row\" style=\"max-width:800px\" id=\"row-1175176164\">\n\n\n\t<div id=\"col-2052055989\" class=\"col small-12 large-12\"  >\n\t\t\t\t<div class=\"col-inner\"  >\n\t\t\t\n\t\t\t\n\n<h1 class=\"uppercase\"><span style=\"font-size: 100%;\" data-line-height=\"s\"><strong>POL\u00cdTICA DE PRIVACIDADE<\/strong><\/span><\/h1>\n<p>A sua privacidade \u00e9 muito importante para n\u00f3s. Respeitamo-la, e estamos empenhados em proteg\u00ea-la. Comprometemo-nos a seguir sempre o previsto na Lei de Protec\u00e7\u00e3o de Dados Pessoais \u2013 Lei n.\u00ba 67\/98, de 26 de Outubro.<\/p>\n<p>A utiliza\u00e7\u00e3o deste site implica a aceita\u00e7\u00e3o da presente Pol\u00edtica de Privacidade.<\/p>\n<p><strong>Confidencialidade dos Dados<\/strong><\/p>\n<p>Solicitamos informa\u00e7\u00f5es de identifica\u00e7\u00e3o pessoal sempre que utiliza o nosso formul\u00e1rio de contacto.<br \/>Da mesma forma, sempre que visita o nosso website, \u00e9 instalado um cookie no seu computador. Trata-se de um ficheiro de texto que um site envia para o software do seu browser. Os cookies permitem que um s\u00edtio personalize as informa\u00e7\u00f5es que lhe s\u00e3o apresentadas, com base nas suas prefer\u00eancias de navega\u00e7\u00e3o. Poder\u00e1 optar por n\u00e3o receber cookies no seu navegador, acedendo \u00e0s configura\u00e7\u00f5es do mesmo.<\/p>\n<p>Este s\u00edtio tamb\u00e9m utiliza cookies para rastrear as visitas. As informa\u00e7\u00f5es recolhidas ajudam-nos a optimizar o conte\u00fado, navega\u00e7\u00e3o, layout e desempenho do site, para que possamos proporcionar um melhor servi\u00e7o.<\/p>\n<p>N\u00e3o facultamos a terceiros, sob circunst\u00e2ncia alguma, as suas informa\u00e7\u00f5es pessoais, sem previamente o informarmos, e sempre em conformidade com a legisla\u00e7\u00e3o atualmente em vigor relativa \u00e0 prote\u00e7\u00e3o das informa\u00e7\u00f5es pessoais. As suas informa\u00e7\u00f5es pessoais poder\u00e3o ser transmitidas a fornecedores externos subcontratados para determinados servi\u00e7os, aos quais exigimos que as mantenham igualmente confidenciais.<\/p>\n<p><strong>Controlo sobre os seus dados<\/strong><\/p>\n<p>Facultamos a todos os clientes a possibilidade de rever, alterar, ou anular os seus dados pessoais contidos na nossa base de dados. Para tal, basta contactar-nos por e-mail para o endere\u00e7o geral@tudoffice.pt e sugerir a altera\u00e7\u00e3o desejada.<\/p>\n<p><strong>Links a Sites Terceiros<\/strong><\/p>\n<p>Por forma a melhorar os servi\u00e7os oferecidos no nosso site, poderemos incluir links para sites de terceiros. No entanto, n\u00e3o nos responsabilizamos pelas pol\u00edticas de privacidade, conte\u00fado ou actividade de tais sites.<\/p>\n<p><strong>Altera\u00e7\u00f5es \u00e0 Pol\u00edtica de Privacidade<\/strong><\/p>\n<p>Quaisquer mudan\u00e7as realizadas na presente Pol\u00edtica de Privacidade ser\u00e3o descriminadas nesta p\u00e1gina.<\/p>\n<p><strong>Contacte-nos<\/strong><\/p>\n<p>Para quaisquer quest\u00f5es relativas a esta Pol\u00edtica de Privacidade e aspectos de privacidade dos nossos produtos e servi\u00e7os, ou para efectuar uma reclama\u00e7\u00e3o, \u00e9 favor contactar: <strong>geral@tudoffice.<\/strong><strong>pt<\/strong><\/p>\n\n<div class=\"is-divider divider clearfix\" style=\"max-width:120px;height:2px;\"><\/div>\n\n\t<div id=\"gap-732186138\" class=\"gap-element clearfix\" style=\"display:block; height:auto;\">\n\t\t\n<style>\n#gap-732186138 {\n  padding-top: 10px;\n}\n<\/style>\n\t<\/div>\n\t\n\n\t<div id=\"gap-1525304993\" class=\"gap-element clearfix hidden\" style=\"display:block; height:auto;\">\n\t\t\n<style>\n#gap-1525304993 {\n  padding-top: 30px;\n}\n<\/style>\n\t<\/div>\n\t\n\n\t<div id=\"gap-361601463\" class=\"gap-element clearfix\" style=\"display:block; height:auto;\">\n\t\t\n<style>\n#gap-361601463 {\n  padding-top: 30px;\n}\n<\/style>\n\t<\/div>\n\t\n\n\n  \n    <div class=\"row hidden large-columns-4 medium-columns-3 small-columns-2 row-collapse slider row-slider slider-nav-reveal slider-nav-push\"  data-flickity-options='{\"imagesLoaded\": true, \"groupCells\": \"100%\", \"dragThreshold\" : 5, \"cellAlign\": \"left\",\"wrapAround\": true,\"prevNextButtons\": true,\"percentPosition\": true,\"pageDots\": false, \"rightToLeft\": false, \"autoPlay\" : false}' >\n\n  <div class=\"gallery-col col\" >\n          <div class=\"col-inner\">\n            <a class=\"image-lightbox lightbox-gallery\" href=\"https:\/\/tudoffice.pt\/beta\/wp-content\/uploads\/2024\/04\/hp.svg\" title=\"\">            <div class=\"box has-hover gallery-box box-normal\">\n              <div class=\"box-image image-cover\" style=\"padding-top:100%;\">\n                <img loading=\"lazy\" decoding=\"async\" width=\"1\" height=\"1\" src=\"https:\/\/tudoffice.pt\/beta\/wp-content\/uploads\/2024\/04\/hp.svg\" class=\"attachment-large size-large\" alt=\"\" ids=\"430,433,122,188\" style=\"normal\" type=\"slider\" col_spacing=\"collapse\" image_height=\"100%\" image_size=\"large\" visibility=\"hidden\" \/>                                                              <\/div>\n              <div class=\"box-text text-left\" >\n                 <p><\/p>\n              <\/div>\n            <\/div>\n            <\/a>          <\/div>\n         <\/div><div class=\"gallery-col col\" >\n          <div class=\"col-inner\">\n            <a class=\"image-lightbox lightbox-gallery\" href=\"https:\/\/tudoffice.pt\/beta\/wp-content\/uploads\/2024\/04\/bg-1-1024x576.png\" title=\"\">            <div class=\"box has-hover gallery-box box-normal\">\n              <div class=\"box-image image-cover\" style=\"padding-top:100%;\">\n                <img loading=\"lazy\" decoding=\"async\" width=\"1020\" height=\"574\" src=\"https:\/\/tudoffice.pt\/beta\/wp-content\/uploads\/2024\/04\/bg-1-1024x576.png\" class=\"attachment-large size-large\" alt=\"\" ids=\"430,433,122,188\" style=\"normal\" type=\"slider\" col_spacing=\"collapse\" image_height=\"100%\" image_size=\"large\" visibility=\"hidden\" srcset=\"https:\/\/tudoffice.pt\/beta\/wp-content\/uploads\/2024\/04\/bg-1-1024x576.png 1024w, https:\/\/tudoffice.pt\/beta\/wp-content\/uploads\/2024\/04\/bg-1-300x169.png 300w, https:\/\/tudoffice.pt\/beta\/wp-content\/uploads\/2024\/04\/bg-1-768x432.png 768w, https:\/\/tudoffice.pt\/beta\/wp-content\/uploads\/2024\/04\/bg-1-1536x864.png 1536w, https:\/\/tudoffice.pt\/beta\/wp-content\/uploads\/2024\/04\/bg-1-18x10.png 18w, https:\/\/tudoffice.pt\/beta\/wp-content\/uploads\/2024\/04\/bg-1.png 1920w\" sizes=\"auto, (max-width: 1020px) 100vw, 1020px\" \/>                                                              <\/div>\n              <div class=\"box-text text-left\" >\n                 <p><\/p>\n              <\/div>\n            <\/div>\n            <\/a>          <\/div>\n         <\/div><\/div>\n\n\n\t\t<\/div>\n\t\t\t\t\t<\/div>\n\n\t\n\n\n<style>\n#row-1175176164 > .col > .col-inner {\n  padding: 0px 0px 0px 0;\n}\n@media (min-width:550px) {\n  #row-1175176164 > .col > .col-inner {\n    padding: 60px 30px 0px 30px;\n  }\n}\n<\/style>\n<\/div>\n\n\t\t<\/div>\n\n\t\t\n<style>\n#section_1998163619 {\n  padding-top: 30px;\n  padding-bottom: 30px;\n}\n<\/style>\n\t<\/section>\n\t\n\n\t\t<\/div>\n\t\t\t\t\t<\/div>\n\n\t\n\n<\/div>","protected":false},"excerpt":{"rendered":"","protected":false},"author":1,"featured_media":0,"parent":0,"menu_order":0,"comment_status":"closed","ping_status":"closed","template":"page-blank.php","meta":{"_joinchat":[],"footnotes":""},"class_list":["post-90","page","type-page","status-publish","hentry"],"_links":{"self":[{"href":"https:\/\/tudoffice.pt\/beta\/en\/wp-json\/wp\/v2\/pages\/90","targetHints":{"allow":["GET"]}}],"collection":[{"href":"https:\/\/tudoffice.pt\/beta\/en\/wp-json\/wp\/v2\/pages"}],"about":[{"href":"https:\/\/tudoffice.pt\/beta\/en\/wp-json\/wp\/v2\/types\/page"}],"author":[{"embeddable":true,"href":"https:\/\/tudoffice.pt\/beta\/en\/wp-json\/wp\/v2\/users\/1"}],"replies":[{"embeddable":true,"href":"https:\/\/tudoffice.pt\/beta\/en\/wp-json\/wp\/v2\/comments?post=90"}],"version-history":[{"count":6,"href":"https:\/\/tudoffice.pt\/beta\/en\/wp-json\/wp\/v2\/pages\/90\/revisions"}],"predecessor-version":[{"id":260,"href":"https:\/\/tudoffice.pt\/beta\/en\/wp-json\/wp\/v2\/pages\/90\/revisions\/260"}],"wp:attachment":[{"href":"https:\/\/tudoffice.pt\/beta\/en\/wp-json\/wp\/v2\/media?parent=90"}],"curies":[{"name":"wp","href":"https:\/\/api.w.org\/{rel}","templated":true}]}}