{"id":48,"date":"2024-04-01T14:00:23","date_gmt":"2024-04-01T14:00:23","guid":{"rendered":"https:\/\/tudoffice.pt\/beta\/?page_id=48"},"modified":"2024-04-04T09:08:14","modified_gmt":"2024-04-04T09:08:14","slug":"limpeza","status":"publish","type":"page","link":"https:\/\/tudoffice.pt\/beta\/en\/limpeza\/","title":{"rendered":"Limpeza &#038; Higiene"},"content":{"rendered":"<div class=\"row row-collapse row-full-width\"  id=\"row-173324945\">\n\n\n\t<div id=\"col-242576705\" class=\"col medium-6 small-12 large-6\"  >\n\t\t\t\t<div class=\"col-inner\"  >\n\t\t\t\n\t\t\t\n\n\n  <div class=\"banner has-hover is-full-height\" id=\"banner-1837320174\">\n          <div class=\"banner-inner fill\">\n        <div class=\"banner-bg fill\" >\n            <div class=\"bg fill bg-fill\"><\/div>\n                        <div class=\"overlay\"><\/div>            \n                    <\/div>\n\t\t\n        <div class=\"banner-layers container\">\n            <div class=\"fill banner-link\"><\/div>            \n\n   <div id=\"text-box-169479732\" class=\"text-box banner-layer text-box-circle show-for-small x50 md-x50 lg-x50 y75 md-y75 lg-y75 res-text\">\n                     <div data-animate=\"bounceInDown\">           <div class=\"text-box-content text dark\">\n              \n              <div class=\"text-inner text-center\">\n                  \n\n\t<div class=\"img has-hover x md-x lg-x y md-y lg-y\" id=\"image_1445356115\">\n\t\t<a class=\"\" href=\"\/beta\/en\/#more\" >\t\t\t\t\t\t<div class=\"img-inner dark\" >\n\t\t\t<img loading=\"lazy\" decoding=\"async\" width=\"512\" height=\"512\" src=\"https:\/\/tudoffice.pt\/beta\/wp-content\/uploads\/2024\/04\/down-arrow.png\" class=\"attachment-large size-large\" alt=\"\" srcset=\"https:\/\/tudoffice.pt\/beta\/wp-content\/uploads\/2024\/04\/down-arrow.png 512w, https:\/\/tudoffice.pt\/beta\/wp-content\/uploads\/2024\/04\/down-arrow-300x300.png 300w, https:\/\/tudoffice.pt\/beta\/wp-content\/uploads\/2024\/04\/down-arrow-150x150.png 150w\" sizes=\"auto, (max-width: 512px) 100vw, 512px\" \/>\t\t\t\t\t\t\n\t\t\t\t\t<\/div>\n\t\t\t\t\t\t<\/a>\t\t\n<style>\n#image_1445356115 {\n  width: 100%;\n}\n<\/style>\n\t<\/div>\n\t\n\n\n              <\/div>\n           <\/div>\n       <\/div>                     \n<style>\n#text-box-169479732 .text-box-content {\n  background-color: rgba(255, 255, 255, 0);\n  border-radius: 500px;\n  font-size: 100%;\n}\n#text-box-169479732 {\n  width: 10%;\n}\n<\/style>\n    <\/div>\n \n\n        <\/div>\n      <\/div>\n\n            \n<style>\n#banner-1837320174 {\n  padding-top: 100%;\n}\n#banner-1837320174 .bg.bg-loaded {\n  background-image: url(https:\/\/tudoffice.pt\/beta\/wp-content\/uploads\/2024\/04\/anton-SnKfmC1I9fU-unsplash-scaled.jpg);\n}\n#banner-1837320174 .overlay {\n  background-color: rgba(0, 0, 0, 0.1);\n}\n#banner-1837320174 .bg {\n  background-position: 44% 92%;\n}\n<\/style>\n  <\/div>\n\n\n\n\t\t<\/div>\n\t\t\t\t\t<\/div>\n\n\t\n\n\t<div id=\"col-2126594401\" class=\"col medium-6 small-12 large-6\"  >\n\t\t\t\t<div class=\"col-inner\"  >\n\t\t\t\n\t\t\t\n\n\t<section class=\"section\" id=\"section_281927800\">\n\t\t<div class=\"bg section-bg fill bg-fill  bg-loaded\" >\n\n\t\t\t\n\t\t\t\n\t\t\t\n\n\t\t<\/div>\n\n\t\t\n\n\t\t<div class=\"section-content relative\">\n\t\t\t\n\n<span class=\"scroll-to\" data-label=\"Scroll to: #more\" data-bullet=\"false\" data-link=\"#more\" data-title=\"more\" ><a name=\"more\"><\/a><\/span>\n\n<div class=\"row row-small\" style=\"max-width:600px\" id=\"row-528353993\">\n\n\n\t<div id=\"col-987051346\" class=\"col small-12 large-12\"  >\n\t\t\t\t<div class=\"col-inner\"  >\n\t\t\t\n\t\t\t\n\n<h1 class=\"uppercase\"><span style=\"font-size: 100%;\" data-line-height=\"s\"><strong>LIMPEZA &amp; HIGIENE<\/strong><\/span><\/h1>\n<p><strong>Na Tudoffice encontrar\u00e1 uma vasta gama de produtos para manter os seus ambientes limpos e seguros.<\/strong> Desde produtos de limpeza at\u00e9 materiais de higiene, temos tudo o que sua empresa ou escrit\u00f3rio precisa.<\/p>\n<p>Al\u00e9m disso, estamos comprometidos com a sustentabilidade ambiental. Oferecemos um servi\u00e7o de recolha seletiva de embalagens vazias, contribuindo para a preserva\u00e7\u00e3o do meio ambiente e promovendo pr\u00e1ticas eco-friendly.<\/p>\n<div class=\"is-divider divider clearfix\" style=\"max-width:120px;height:2px;\"><\/div>\n\n\t<div id=\"gap-446406606\" class=\"gap-element clearfix\" style=\"display:block; height:auto;\">\n\t\t\n<style>\n#gap-446406606 {\n  padding-top: 10px;\n}\n<\/style>\n\t<\/div>\n\t\n\n<a href=\"#\" target=\"_blank\" class=\"button primary is-outline\" rel=\"noopener\"  >\n    <span>CONSULTAR CAT\u00c1LOGO<\/span>\n  <\/a>\n\n\n\n\t\t<\/div>\n\t\t\t\t\t<\/div>\n\n\t\n\n\n<style>\n#row-528353993 > .col > .col-inner {\n  padding: 0px 0px 0px 00px;\n}\n@media (min-width:550px) {\n  #row-528353993 > .col > .col-inner {\n    padding: 60px 60px 0px 60px;\n  }\n}\n<\/style>\n<\/div>\n\n  \n    <div class=\"row large-columns-4 medium-columns-3 small-columns-2 row-xsmall slider row-slider slider-nav-reveal\"  data-flickity-options='{\"imagesLoaded\": true, \"groupCells\": \"100%\", \"dragThreshold\" : 5, \"cellAlign\": \"left\",\"wrapAround\": true,\"prevNextButtons\": true,\"percentPosition\": true,\"pageDots\": false, \"rightToLeft\": false, \"autoPlay\" : false}' >\n\n  <div class=\"gallery-col col\" >\n          <div class=\"col-inner\">\n            <a class=\"image-lightbox lightbox-gallery\" href=\"https:\/\/tudoffice.pt\/beta\/wp-content\/uploads\/2024\/04\/Papel-Higienico-Folha-a-Folha-Renova-BLK-7200-Folhas.webp\" title=\"\">            <div class=\"box has-hover gallery-box box-none\">\n              <div class=\"box-image image-cover\" style=\"padding-top:100%;\">\n                <img loading=\"lazy\" decoding=\"async\" width=\"800\" height=\"800\" src=\"https:\/\/tudoffice.pt\/beta\/wp-content\/uploads\/2024\/04\/Papel-Higienico-Folha-a-Folha-Renova-BLK-7200-Folhas.webp\" class=\"attachment-original size-original\" alt=\"\" ids=\"315,316,317,318\" style=\"none\" lightbox_image_size=\"original\" type=\"slider\" col_spacing=\"xsmall\" image_height=\"100%\" image_size=\"original\" srcset=\"https:\/\/tudoffice.pt\/beta\/wp-content\/uploads\/2024\/04\/Papel-Higienico-Folha-a-Folha-Renova-BLK-7200-Folhas.webp 800w, https:\/\/tudoffice.pt\/beta\/wp-content\/uploads\/2024\/04\/Papel-Higienico-Folha-a-Folha-Renova-BLK-7200-Folhas-300x300.webp 300w, https:\/\/tudoffice.pt\/beta\/wp-content\/uploads\/2024\/04\/Papel-Higienico-Folha-a-Folha-Renova-BLK-7200-Folhas-150x150.webp 150w, https:\/\/tudoffice.pt\/beta\/wp-content\/uploads\/2024\/04\/Papel-Higienico-Folha-a-Folha-Renova-BLK-7200-Folhas-768x768.webp 768w, https:\/\/tudoffice.pt\/beta\/wp-content\/uploads\/2024\/04\/Papel-Higienico-Folha-a-Folha-Renova-BLK-7200-Folhas-12x12.webp 12w\" sizes=\"auto, (max-width: 800px) 100vw, 800px\" \/>                                                              <\/div>\n              <div class=\"box-text text-left\" >\n                 <p><\/p>\n              <\/div>\n            <\/div>\n            <\/a>          <\/div>\n         <\/div><div class=\"gallery-col col\" >\n          <div class=\"col-inner\">\n            <a class=\"image-lightbox lightbox-gallery\" href=\"https:\/\/tudoffice.pt\/beta\/wp-content\/uploads\/2024\/04\/Luvas-de-Latex-com-Po.webp\" title=\"\">            <div class=\"box has-hover gallery-box box-none\">\n              <div class=\"box-image image-cover\" style=\"padding-top:100%;\">\n                <img loading=\"lazy\" decoding=\"async\" width=\"600\" height=\"600\" src=\"https:\/\/tudoffice.pt\/beta\/wp-content\/uploads\/2024\/04\/Luvas-de-Latex-com-Po.webp\" class=\"attachment-original size-original\" alt=\"\" ids=\"315,316,317,318\" style=\"none\" lightbox_image_size=\"original\" type=\"slider\" col_spacing=\"xsmall\" image_height=\"100%\" image_size=\"original\" srcset=\"https:\/\/tudoffice.pt\/beta\/wp-content\/uploads\/2024\/04\/Luvas-de-Latex-com-Po.webp 600w, https:\/\/tudoffice.pt\/beta\/wp-content\/uploads\/2024\/04\/Luvas-de-Latex-com-Po-300x300.webp 300w, https:\/\/tudoffice.pt\/beta\/wp-content\/uploads\/2024\/04\/Luvas-de-Latex-com-Po-150x150.webp 150w, https:\/\/tudoffice.pt\/beta\/wp-content\/uploads\/2024\/04\/Luvas-de-Latex-com-Po-12x12.webp 12w\" sizes=\"auto, (max-width: 600px) 100vw, 600px\" \/>                                                              <\/div>\n              <div class=\"box-text text-left\" >\n                 <p><\/p>\n              <\/div>\n            <\/div>\n            <\/a>          <\/div>\n         <\/div><div class=\"gallery-col col\" >\n          <div class=\"col-inner\">\n            <a class=\"image-lightbox lightbox-gallery\" href=\"https:\/\/tudoffice.pt\/beta\/wp-content\/uploads\/2024\/04\/Desincrustante-de-Pavimentos-HDP-30-Mistolin-5-Litros.webp\" title=\"\">            <div class=\"box has-hover gallery-box box-none\">\n              <div class=\"box-image image-cover\" style=\"padding-top:100%;\">\n                <img loading=\"lazy\" decoding=\"async\" width=\"800\" height=\"800\" src=\"https:\/\/tudoffice.pt\/beta\/wp-content\/uploads\/2024\/04\/Desincrustante-de-Pavimentos-HDP-30-Mistolin-5-Litros.webp\" class=\"attachment-original size-original\" alt=\"\" ids=\"315,316,317,318\" style=\"none\" lightbox_image_size=\"original\" type=\"slider\" col_spacing=\"xsmall\" image_height=\"100%\" image_size=\"original\" srcset=\"https:\/\/tudoffice.pt\/beta\/wp-content\/uploads\/2024\/04\/Desincrustante-de-Pavimentos-HDP-30-Mistolin-5-Litros.webp 800w, https:\/\/tudoffice.pt\/beta\/wp-content\/uploads\/2024\/04\/Desincrustante-de-Pavimentos-HDP-30-Mistolin-5-Litros-300x300.webp 300w, https:\/\/tudoffice.pt\/beta\/wp-content\/uploads\/2024\/04\/Desincrustante-de-Pavimentos-HDP-30-Mistolin-5-Litros-150x150.webp 150w, https:\/\/tudoffice.pt\/beta\/wp-content\/uploads\/2024\/04\/Desincrustante-de-Pavimentos-HDP-30-Mistolin-5-Litros-768x768.webp 768w, https:\/\/tudoffice.pt\/beta\/wp-content\/uploads\/2024\/04\/Desincrustante-de-Pavimentos-HDP-30-Mistolin-5-Litros-12x12.webp 12w\" sizes=\"auto, (max-width: 800px) 100vw, 800px\" \/>                                                              <\/div>\n              <div class=\"box-text text-left\" >\n                 <p><\/p>\n              <\/div>\n            <\/div>\n            <\/a>          <\/div>\n         <\/div><div class=\"gallery-col col\" >\n          <div class=\"col-inner\">\n            <a class=\"image-lightbox lightbox-gallery\" href=\"https:\/\/tudoffice.pt\/beta\/wp-content\/uploads\/2024\/04\/Papel-Toalhas-de-Mao-Zig-Zag-Berrio-2840-Toalhas_eb80c730-3ecb-48f8-973b-bb74585829c7.webp\" title=\"\">            <div class=\"box has-hover gallery-box box-none\">\n              <div class=\"box-image image-cover\" style=\"padding-top:100%;\">\n                <img loading=\"lazy\" decoding=\"async\" width=\"800\" height=\"800\" src=\"https:\/\/tudoffice.pt\/beta\/wp-content\/uploads\/2024\/04\/Papel-Toalhas-de-Mao-Zig-Zag-Berrio-2840-Toalhas_eb80c730-3ecb-48f8-973b-bb74585829c7.webp\" class=\"attachment-original size-original\" alt=\"\" ids=\"315,316,317,318\" style=\"none\" lightbox_image_size=\"original\" type=\"slider\" col_spacing=\"xsmall\" image_height=\"100%\" image_size=\"original\" srcset=\"https:\/\/tudoffice.pt\/beta\/wp-content\/uploads\/2024\/04\/Papel-Toalhas-de-Mao-Zig-Zag-Berrio-2840-Toalhas_eb80c730-3ecb-48f8-973b-bb74585829c7.webp 800w, https:\/\/tudoffice.pt\/beta\/wp-content\/uploads\/2024\/04\/Papel-Toalhas-de-Mao-Zig-Zag-Berrio-2840-Toalhas_eb80c730-3ecb-48f8-973b-bb74585829c7-300x300.webp 300w, https:\/\/tudoffice.pt\/beta\/wp-content\/uploads\/2024\/04\/Papel-Toalhas-de-Mao-Zig-Zag-Berrio-2840-Toalhas_eb80c730-3ecb-48f8-973b-bb74585829c7-150x150.webp 150w, https:\/\/tudoffice.pt\/beta\/wp-content\/uploads\/2024\/04\/Papel-Toalhas-de-Mao-Zig-Zag-Berrio-2840-Toalhas_eb80c730-3ecb-48f8-973b-bb74585829c7-768x768.webp 768w, https:\/\/tudoffice.pt\/beta\/wp-content\/uploads\/2024\/04\/Papel-Toalhas-de-Mao-Zig-Zag-Berrio-2840-Toalhas_eb80c730-3ecb-48f8-973b-bb74585829c7-12x12.webp 12w\" sizes=\"auto, (max-width: 800px) 100vw, 800px\" \/>                                                              <\/div>\n              <div class=\"box-text text-left\" >\n                 <p><\/p>\n              <\/div>\n            <\/div>\n            <\/a>          <\/div>\n         <\/div><\/div>\n\n\n\t\t<\/div>\n\n\t\t\n<style>\n#section_281927800 {\n  padding-top: 30px;\n  padding-bottom: 30px;\n}\n@media (min-width:550px) {\n  #section_281927800 {\n    padding-top: 30px;\n    padding-bottom: 30px;\n  }\n}\n<\/style>\n\t<\/section>\n\t\n\n\t\t<\/div>\n\t\t\t\t\t<\/div>\n\n\t\n\n\n<style>\n#row-173324945 > .col > .col-inner {\n  padding: px 0px 0px 0px;\n}\n<\/style>\n<\/div>","protected":false},"excerpt":{"rendered":"","protected":false},"author":1,"featured_media":0,"parent":0,"menu_order":0,"comment_status":"closed","ping_status":"closed","template":"page-blank.php","meta":{"_joinchat":[],"footnotes":""},"class_list":["post-48","page","type-page","status-publish","hentry"],"_links":{"self":[{"href":"https:\/\/tudoffice.pt\/beta\/en\/wp-json\/wp\/v2\/pages\/48","targetHints":{"allow":["GET"]}}],"collection":[{"href":"https:\/\/tudoffice.pt\/beta\/en\/wp-json\/wp\/v2\/pages"}],"about":[{"href":"https:\/\/tudoffice.pt\/beta\/en\/wp-json\/wp\/v2\/types\/page"}],"author":[{"embeddable":true,"href":"https:\/\/tudoffice.pt\/beta\/en\/wp-json\/wp\/v2\/users\/1"}],"replies":[{"embeddable":true,"href":"https:\/\/tudoffice.pt\/beta\/en\/wp-json\/wp\/v2\/comments?post=48"}],"version-history":[{"count":17,"href":"https:\/\/tudoffice.pt\/beta\/en\/wp-json\/wp\/v2\/pages\/48\/revisions"}],"predecessor-version":[{"id":319,"href":"https:\/\/tudoffice.pt\/beta\/en\/wp-json\/wp\/v2\/pages\/48\/revisions\/319"}],"wp:attachment":[{"href":"https:\/\/tudoffice.pt\/beta\/en\/wp-json\/wp\/v2\/media?parent=48"}],"curies":[{"name":"wp","href":"https:\/\/api.w.org\/{rel}","templated":true}]}}