{"id":38,"date":"2024-04-01T13:56:29","date_gmt":"2024-04-01T13:56:29","guid":{"rendered":"https:\/\/tudoffice.pt\/beta\/?page_id=38"},"modified":"2024-04-04T08:44:03","modified_gmt":"2024-04-04T08:44:03","slug":"equipamentos","status":"publish","type":"page","link":"https:\/\/tudoffice.pt\/beta\/en\/equipamentos\/","title":{"rendered":"Equipamentos"},"content":{"rendered":"<div class=\"row row-collapse row-full-width\"  id=\"row-1933812492\">\n\n\n\t<div id=\"col-1753759833\" class=\"col medium-6 small-12 large-6\"  >\n\t\t\t\t<div class=\"col-inner\"  >\n\t\t\t\n\t\t\t\n\n\n  <div class=\"banner has-hover is-full-height\" id=\"banner-1233201131\">\n          <div class=\"banner-inner fill\">\n        <div class=\"banner-bg fill\" >\n            <div class=\"bg fill bg-fill\"><\/div>\n                        <div class=\"overlay\"><\/div>            \n                    <\/div>\n\t\t\n        <div class=\"banner-layers container\">\n            <div class=\"fill banner-link\"><\/div>            \n\n   <div id=\"text-box-711747222\" class=\"text-box banner-layer text-box-circle show-for-small x50 md-x50 lg-x50 y75 md-y75 lg-y75 res-text\">\n                     <div data-animate=\"bounceInDown\">           <div class=\"text-box-content text dark\">\n              \n              <div class=\"text-inner text-center\">\n                  \n\n\t<div class=\"img has-hover x md-x lg-x y md-y lg-y\" id=\"image_1529249490\">\n\t\t<a class=\"\" href=\"\/beta\/en\/#more\" >\t\t\t\t\t\t<div class=\"img-inner dark\" >\n\t\t\t<img loading=\"lazy\" decoding=\"async\" width=\"512\" height=\"512\" src=\"https:\/\/tudoffice.pt\/beta\/wp-content\/uploads\/2024\/04\/down-arrow.png\" class=\"attachment-large size-large\" alt=\"\" srcset=\"https:\/\/tudoffice.pt\/beta\/wp-content\/uploads\/2024\/04\/down-arrow.png 512w, https:\/\/tudoffice.pt\/beta\/wp-content\/uploads\/2024\/04\/down-arrow-300x300.png 300w, https:\/\/tudoffice.pt\/beta\/wp-content\/uploads\/2024\/04\/down-arrow-150x150.png 150w\" sizes=\"auto, (max-width: 512px) 100vw, 512px\" \/>\t\t\t\t\t\t\n\t\t\t\t\t<\/div>\n\t\t\t\t\t\t<\/a>\t\t\n<style>\n#image_1529249490 {\n  width: 100%;\n}\n<\/style>\n\t<\/div>\n\t\n\n\n              <\/div>\n           <\/div>\n       <\/div>                     \n<style>\n#text-box-711747222 .text-box-content {\n  background-color: rgba(255, 255, 255, 0);\n  border-radius: 500px;\n  font-size: 100%;\n}\n#text-box-711747222 {\n  width: 10%;\n}\n<\/style>\n    <\/div>\n \n\n        <\/div>\n      <\/div>\n\n            \n<style>\n#banner-1233201131 {\n  padding-top: 100%;\n}\n#banner-1233201131 .bg.bg-loaded {\n  background-image: url(https:\/\/tudoffice.pt\/beta\/wp-content\/uploads\/2024\/04\/engin-akyurt-CGnoRQZGWmw-unsplash-scaled.jpg);\n}\n#banner-1233201131 .overlay {\n  background-color: rgba(0, 0, 0, 0.1);\n}\n#banner-1233201131 .bg {\n  background-position: 21% 87%;\n}\n<\/style>\n  <\/div>\n\n\n\n\t\t<\/div>\n\t\t\t\t\t<\/div>\n\n\t\n\n\t<div id=\"col-322987664\" class=\"col medium-6 small-12 large-6\"  >\n\t\t\t\t<div class=\"col-inner\"  >\n\t\t\t\n\t\t\t\n\n\t<section class=\"section\" id=\"section_525610127\">\n\t\t<div class=\"bg section-bg fill bg-fill  bg-loaded\" >\n\n\t\t\t\n\t\t\t\n\t\t\t\n\n\t\t<\/div>\n\n\t\t\n\n\t\t<div class=\"section-content relative\">\n\t\t\t\n\n<span class=\"scroll-to\" data-label=\"Scroll to: #more\" data-bullet=\"false\" data-link=\"#more\" data-title=\"more\" ><a name=\"more\"><\/a><\/span>\n\n<div class=\"row row-small\" style=\"max-width:600px\" id=\"row-1628420637\">\n\n\n\t<div id=\"col-706643641\" class=\"col small-12 large-12\"  >\n\t\t\t\t<div class=\"col-inner\"  >\n\t\t\t\n\t\t\t\n\n<h1 class=\"uppercase\"><span style=\"font-size: 100%;\" data-line-height=\"s\"><strong>EQUIPAMENTOS<\/strong><\/span><\/h1>\n<p><strong>A Tudoffice comercializa todos os equipamentos de impress\u00e3o ajustados \u00e0 necessidade de cada Cliente.<\/strong><\/p>\n<p>Dispomos ainda de um servi\u00e7o de <strong>acordos de impress\u00e3o<\/strong>, atrav\u00e9s dos quais facultamos equipamentos e consum\u00edveis de impress\u00e3o.<\/p>\n<p>Contamos com profissionais para orienta-lo na escolha do equipamento ideal.<\/p>\n<div class=\"is-divider divider clearfix\" style=\"max-width:120px;height:2px;\"><\/div>\n\n\t<div id=\"gap-1478782436\" class=\"gap-element clearfix\" style=\"display:block; height:auto;\">\n\t\t\n<style>\n#gap-1478782436 {\n  padding-top: 10px;\n}\n<\/style>\n\t<\/div>\n\t\n\n<a href=\"https:\/\/tudoffice.pt\/beta\/en\/contatos\/\" class=\"button primary is-outline\"  >\n    <span>PEDIR OR\u00c7AMENTO<\/span>\n  <\/a>\n\n\n\n\t\t<\/div>\n\t\t\t\t\t<\/div>\n\n\t\n\n\n<style>\n#row-1628420637 > .col > .col-inner {\n  padding: 0px 0px 0px 00px;\n}\n@media (min-width:550px) {\n  #row-1628420637 > .col > .col-inner {\n    padding: 60px 60px 0px 60px;\n  }\n}\n<\/style>\n<\/div>\n\n  \n    <div class=\"row large-columns-4 medium-columns-3 small-columns-2 row-xsmall\" >\n  <div class=\"gallery-col col\" >\n          <div class=\"col-inner\">\n                        <div class=\"box has-hover gallery-box box-none\">\n              <div class=\"box-image image-cover\" style=\"padding-top:50%;\">\n                <img decoding=\"async\" src=\"https:\/\/tudoffice.pt\/beta\/wp-content\/uploads\/2024\/04\/brother.svg\" class=\"attachment-original size-original\" alt=\"\" ids=\"119,120,121,122,123,125,126,226,305,306,307,308\" style=\"none\" lightbox=\"false\" col_spacing=\"xsmall\" image_height=\"50%\" image_size=\"original\" \/>                                                              <\/div>\n              <div class=\"box-text text-left\" >\n                 <p><\/p>\n              <\/div>\n            <\/div>\n                      <\/div>\n         <\/div><div class=\"gallery-col col\" >\n          <div class=\"col-inner\">\n                        <div class=\"box has-hover gallery-box box-none\">\n              <div class=\"box-image image-cover\" style=\"padding-top:50%;\">\n                <img decoding=\"async\" src=\"https:\/\/tudoffice.pt\/beta\/wp-content\/uploads\/2024\/04\/canon.svg\" class=\"attachment-original size-original\" alt=\"\" ids=\"119,120,121,122,123,125,126,226,305,306,307,308\" style=\"none\" lightbox=\"false\" col_spacing=\"xsmall\" image_height=\"50%\" image_size=\"original\" \/>                                                              <\/div>\n              <div class=\"box-text text-left\" >\n                 <p><\/p>\n              <\/div>\n            <\/div>\n                      <\/div>\n         <\/div><div class=\"gallery-col col\" >\n          <div class=\"col-inner\">\n                        <div class=\"box has-hover gallery-box box-none\">\n              <div class=\"box-image image-cover\" style=\"padding-top:50%;\">\n                <img decoding=\"async\" src=\"https:\/\/tudoffice.pt\/beta\/wp-content\/uploads\/2024\/04\/epson.svg\" class=\"attachment-original size-original\" alt=\"\" ids=\"119,120,121,122,123,125,126,226,305,306,307,308\" style=\"none\" lightbox=\"false\" col_spacing=\"xsmall\" image_height=\"50%\" image_size=\"original\" \/>                                                              <\/div>\n              <div class=\"box-text text-left\" >\n                 <p><\/p>\n              <\/div>\n            <\/div>\n                      <\/div>\n         <\/div><div class=\"gallery-col col\" >\n          <div class=\"col-inner\">\n                        <div class=\"box has-hover gallery-box box-none\">\n              <div class=\"box-image image-cover\" style=\"padding-top:50%;\">\n                <img decoding=\"async\" src=\"https:\/\/tudoffice.pt\/beta\/wp-content\/uploads\/2024\/04\/hp.svg\" class=\"attachment-original size-original\" alt=\"\" ids=\"119,120,121,122,123,125,126,226,305,306,307,308\" style=\"none\" lightbox=\"false\" col_spacing=\"xsmall\" image_height=\"50%\" image_size=\"original\" \/>                                                              <\/div>\n              <div class=\"box-text text-left\" >\n                 <p><\/p>\n              <\/div>\n            <\/div>\n                      <\/div>\n         <\/div><div class=\"gallery-col col\" >\n          <div class=\"col-inner\">\n                        <div class=\"box has-hover gallery-box box-none\">\n              <div class=\"box-image image-cover\" style=\"padding-top:50%;\">\n                <img decoding=\"async\" src=\"https:\/\/tudoffice.pt\/beta\/wp-content\/uploads\/2024\/04\/lexmark.svg\" class=\"attachment-original size-original\" alt=\"\" ids=\"119,120,121,122,123,125,126,226,305,306,307,308\" style=\"none\" lightbox=\"false\" col_spacing=\"xsmall\" image_height=\"50%\" image_size=\"original\" \/>                                                              <\/div>\n              <div class=\"box-text text-left\" >\n                 <p><\/p>\n              <\/div>\n            <\/div>\n                      <\/div>\n         <\/div><div class=\"gallery-col col\" >\n          <div class=\"col-inner\">\n                        <div class=\"box has-hover gallery-box box-none\">\n              <div class=\"box-image image-cover\" style=\"padding-top:50%;\">\n                <img decoding=\"async\" src=\"https:\/\/tudoffice.pt\/beta\/wp-content\/uploads\/2024\/04\/samsung.svg\" class=\"attachment-original size-original\" alt=\"\" ids=\"119,120,121,122,123,125,126,226,305,306,307,308\" style=\"none\" lightbox=\"false\" col_spacing=\"xsmall\" image_height=\"50%\" image_size=\"original\" \/>                                                              <\/div>\n              <div class=\"box-text text-left\" >\n                 <p><\/p>\n              <\/div>\n            <\/div>\n                      <\/div>\n         <\/div><div class=\"gallery-col col\" >\n          <div class=\"col-inner\">\n                        <div class=\"box has-hover gallery-box box-none\">\n              <div class=\"box-image image-cover\" style=\"padding-top:50%;\">\n                <img decoding=\"async\" src=\"https:\/\/tudoffice.pt\/beta\/wp-content\/uploads\/2024\/04\/oki.svg\" class=\"attachment-original size-original\" alt=\"\" ids=\"119,120,121,122,123,125,126,226,305,306,307,308\" style=\"none\" lightbox=\"false\" col_spacing=\"xsmall\" image_height=\"50%\" image_size=\"original\" \/>                                                              <\/div>\n              <div class=\"box-text text-left\" >\n                 <p><\/p>\n              <\/div>\n            <\/div>\n                      <\/div>\n         <\/div><div class=\"gallery-col col\" >\n          <div class=\"col-inner\">\n                        <div class=\"box has-hover gallery-box box-none\">\n              <div class=\"box-image image-cover\" style=\"padding-top:50%;\">\n                <img decoding=\"async\" src=\"https:\/\/tudoffice.pt\/beta\/wp-content\/uploads\/2024\/04\/konica.svg\" class=\"attachment-original size-original\" alt=\"\" ids=\"119,120,121,122,123,125,126,226,305,306,307,308\" style=\"none\" lightbox=\"false\" col_spacing=\"xsmall\" image_height=\"50%\" image_size=\"original\" \/>                                                              <\/div>\n              <div class=\"box-text text-left\" >\n                 <p><\/p>\n              <\/div>\n            <\/div>\n                      <\/div>\n         <\/div><div class=\"gallery-col col\" >\n          <div class=\"col-inner\">\n                        <div class=\"box has-hover gallery-box box-none\">\n              <div class=\"box-image image-cover\" style=\"padding-top:50%;\">\n                <img decoding=\"async\" src=\"https:\/\/tudoffice.pt\/beta\/wp-content\/uploads\/2024\/04\/sharp.svg\" class=\"attachment-original size-original\" alt=\"\" ids=\"119,120,121,122,123,125,126,226,305,306,307,308\" style=\"none\" lightbox=\"false\" col_spacing=\"xsmall\" image_height=\"50%\" image_size=\"original\" \/>                                                              <\/div>\n              <div class=\"box-text text-left\" >\n                 <p><\/p>\n              <\/div>\n            <\/div>\n                      <\/div>\n         <\/div><div class=\"gallery-col col\" >\n          <div class=\"col-inner\">\n                        <div class=\"box has-hover gallery-box box-none\">\n              <div class=\"box-image image-cover\" style=\"padding-top:50%;\">\n                <img decoding=\"async\" src=\"https:\/\/tudoffice.pt\/beta\/wp-content\/uploads\/2024\/04\/philips.svg\" class=\"attachment-original size-original\" alt=\"\" ids=\"119,120,121,122,123,125,126,226,305,306,307,308\" style=\"none\" lightbox=\"false\" col_spacing=\"xsmall\" image_height=\"50%\" image_size=\"original\" \/>                                                              <\/div>\n              <div class=\"box-text text-left\" >\n                 <p><\/p>\n              <\/div>\n            <\/div>\n                      <\/div>\n         <\/div><div class=\"gallery-col col\" >\n          <div class=\"col-inner\">\n                        <div class=\"box has-hover gallery-box box-none\">\n              <div class=\"box-image image-cover\" style=\"padding-top:50%;\">\n                <img decoding=\"async\" src=\"https:\/\/tudoffice.pt\/beta\/wp-content\/uploads\/2024\/04\/olivetti.svg\" class=\"attachment-original size-original\" alt=\"\" ids=\"119,120,121,122,123,125,126,226,305,306,307,308\" style=\"none\" lightbox=\"false\" col_spacing=\"xsmall\" image_height=\"50%\" image_size=\"original\" \/>                                                              <\/div>\n              <div class=\"box-text text-left\" >\n                 <p><\/p>\n              <\/div>\n            <\/div>\n                      <\/div>\n         <\/div><div class=\"gallery-col col\" >\n          <div class=\"col-inner\">\n                        <div class=\"box has-hover gallery-box box-none\">\n              <div class=\"box-image image-cover\" style=\"padding-top:50%;\">\n                <img decoding=\"async\" src=\"https:\/\/tudoffice.pt\/beta\/wp-content\/uploads\/2024\/04\/panasonic.svg\" class=\"attachment-original size-original\" alt=\"\" ids=\"119,120,121,122,123,125,126,226,305,306,307,308\" style=\"none\" lightbox=\"false\" col_spacing=\"xsmall\" image_height=\"50%\" image_size=\"original\" \/>                                                              <\/div>\n              <div class=\"box-text text-left\" >\n                 <p><\/p>\n              <\/div>\n            <\/div>\n                      <\/div>\n         <\/div><\/div>\n\n\n\t\t<\/div>\n\n\t\t\n<style>\n#section_525610127 {\n  padding-top: 30px;\n  padding-bottom: 30px;\n}\n@media (min-width:550px) {\n  #section_525610127 {\n    padding-top: 30px;\n    padding-bottom: 30px;\n  }\n}\n<\/style>\n\t<\/section>\n\t\n\n\t\t<\/div>\n\t\t\t\t\t<\/div>\n\n\t\n\n\n<style>\n#row-1933812492 > .col > .col-inner {\n  padding: px 0px 0px 0px;\n}\n<\/style>\n<\/div>","protected":false},"excerpt":{"rendered":"","protected":false},"author":1,"featured_media":0,"parent":0,"menu_order":0,"comment_status":"closed","ping_status":"closed","template":"page-blank.php","meta":{"_joinchat":[],"footnotes":""},"class_list":["post-38","page","type-page","status-publish","hentry"],"_links":{"self":[{"href":"https:\/\/tudoffice.pt\/beta\/en\/wp-json\/wp\/v2\/pages\/38","targetHints":{"allow":["GET"]}}],"collection":[{"href":"https:\/\/tudoffice.pt\/beta\/en\/wp-json\/wp\/v2\/pages"}],"about":[{"href":"https:\/\/tudoffice.pt\/beta\/en\/wp-json\/wp\/v2\/types\/page"}],"author":[{"embeddable":true,"href":"https:\/\/tudoffice.pt\/beta\/en\/wp-json\/wp\/v2\/users\/1"}],"replies":[{"embeddable":true,"href":"https:\/\/tudoffice.pt\/beta\/en\/wp-json\/wp\/v2\/comments?post=38"}],"version-history":[{"count":19,"href":"https:\/\/tudoffice.pt\/beta\/en\/wp-json\/wp\/v2\/pages\/38\/revisions"}],"predecessor-version":[{"id":309,"href":"https:\/\/tudoffice.pt\/beta\/en\/wp-json\/wp\/v2\/pages\/38\/revisions\/309"}],"wp:attachment":[{"href":"https:\/\/tudoffice.pt\/beta\/en\/wp-json\/wp\/v2\/media?parent=38"}],"curies":[{"name":"wp","href":"https:\/\/api.w.org\/{rel}","templated":true}]}}