{"id":36,"date":"2024-04-01T13:53:54","date_gmt":"2024-04-01T13:53:54","guid":{"rendered":"https:\/\/tudoffice.pt\/beta\/?page_id=36"},"modified":"2024-04-04T07:56:57","modified_gmt":"2024-04-04T07:56:57","slug":"papelaria","status":"publish","type":"page","link":"https:\/\/tudoffice.pt\/beta\/en\/papelaria\/","title":{"rendered":"Papelaria"},"content":{"rendered":"<div class=\"row row-collapse row-full-width\"  id=\"row-1187626587\">\n\n\n\t<div id=\"col-1234204111\" class=\"col medium-6 small-12 large-6\"  >\n\t\t\t\t<div class=\"col-inner\"  >\n\t\t\t\n\t\t\t\n\n\n  <div class=\"banner has-hover is-full-height\" id=\"banner-258801159\">\n          <div class=\"banner-inner fill\">\n        <div class=\"banner-bg fill\" >\n            <div class=\"bg fill bg-fill\"><\/div>\n                        <div class=\"overlay\"><\/div>            \n                    <\/div>\n\t\t\n        <div class=\"banner-layers container\">\n            <div class=\"fill banner-link\"><\/div>            \n\n   <div id=\"text-box-480275075\" class=\"text-box banner-layer text-box-circle show-for-small x50 md-x50 lg-x50 y75 md-y75 lg-y75 res-text\">\n                     <div data-animate=\"bounceInDown\">           <div class=\"text-box-content text dark\">\n              \n              <div class=\"text-inner text-center\">\n                  \n\n\t<div class=\"img has-hover x md-x lg-x y md-y lg-y\" id=\"image_686956014\">\n\t\t<a class=\"\" href=\"\/beta\/en\/#more\" >\t\t\t\t\t\t<div class=\"img-inner dark\" >\n\t\t\t<img loading=\"lazy\" decoding=\"async\" width=\"512\" height=\"512\" src=\"https:\/\/tudoffice.pt\/beta\/wp-content\/uploads\/2024\/04\/down-arrow.png\" class=\"attachment-large size-large\" alt=\"\" srcset=\"https:\/\/tudoffice.pt\/beta\/wp-content\/uploads\/2024\/04\/down-arrow.png 512w, https:\/\/tudoffice.pt\/beta\/wp-content\/uploads\/2024\/04\/down-arrow-300x300.png 300w, https:\/\/tudoffice.pt\/beta\/wp-content\/uploads\/2024\/04\/down-arrow-150x150.png 150w\" sizes=\"auto, (max-width: 512px) 100vw, 512px\" \/>\t\t\t\t\t\t\n\t\t\t\t\t<\/div>\n\t\t\t\t\t\t<\/a>\t\t\n<style>\n#image_686956014 {\n  width: 100%;\n}\n<\/style>\n\t<\/div>\n\t\n\n\n              <\/div>\n           <\/div>\n       <\/div>                     \n<style>\n#text-box-480275075 .text-box-content {\n  background-color: rgba(255, 255, 255, 0);\n  border-radius: 500px;\n  font-size: 100%;\n}\n#text-box-480275075 {\n  width: 10%;\n}\n<\/style>\n    <\/div>\n \n\n        <\/div>\n      <\/div>\n\n            \n<style>\n#banner-258801159 {\n  padding-top: 100%;\n}\n#banner-258801159 .bg.bg-loaded {\n  background-image: url(https:\/\/tudoffice.pt\/beta\/wp-content\/uploads\/2024\/04\/copper-and-wild-zUjyo6q5ZD4-unsplash-scaled.jpg);\n}\n#banner-258801159 .overlay {\n  background-color: rgba(0, 0, 0, 0.1);\n}\n#banner-258801159 .bg {\n  background-position: 0% 100%;\n}\n<\/style>\n  <\/div>\n\n\n\n\t\t<\/div>\n\t\t\t\t\t<\/div>\n\n\t\n\n\t<div id=\"col-915038036\" class=\"col medium-6 small-12 large-6\"  >\n\t\t\t\t<div class=\"col-inner\"  >\n\t\t\t\n\t\t\t\n\n\t<section class=\"section\" id=\"section_789088352\">\n\t\t<div class=\"bg section-bg fill bg-fill  bg-loaded\" >\n\n\t\t\t\n\t\t\t\n\t\t\t\n\n\t\t<\/div>\n\n\t\t\n\n\t\t<div class=\"section-content relative\">\n\t\t\t\n\n<span class=\"scroll-to\" data-label=\"Scroll to: #more\" data-bullet=\"false\" data-link=\"#more\" data-title=\"more\" ><a name=\"more\"><\/a><\/span>\n\n<div class=\"row row-small\" style=\"max-width:600px\" id=\"row-837422444\">\n\n\n\t<div id=\"col-1267914441\" class=\"col small-12 large-12\"  >\n\t\t\t\t<div class=\"col-inner\"  >\n\t\t\t\n\t\t\t\n\n<h1 class=\"uppercase\"><span style=\"font-size: 100%;\" data-line-height=\"s\"><strong>PAPELARIA<\/strong><\/span><\/h1>\n<p><strong>A Tudoffice \u00e9 sua fonte confi\u00e1vel para todos os materiais de papelaria e consum\u00edveis de escrit\u00f3rio.<\/strong><\/p>\n<p>Com uma ampla gama de produtos dispon\u00edveis, garantimos oferecer exatamente o que voc\u00ea precisa para manter seu escrit\u00f3rio abastecido e funcionando sem problemas.<\/p>\n<p>Os nossos pre\u00e7os competitivos s\u00e3o o resultado de acordos estrat\u00e9gicos estabelecidos com as principais marcas nacionais e internacionais, garantindo qualidade e acessibilidade em cada compra.<\/p>\n<div class=\"is-divider divider clearfix\" style=\"max-width:120px;height:2px;\"><\/div>\n\n\t<div id=\"gap-1969169481\" class=\"gap-element clearfix\" style=\"display:block; height:auto;\">\n\t\t\n<style>\n#gap-1969169481 {\n  padding-top: 10px;\n}\n<\/style>\n\t<\/div>\n\t\n\n<a href=\"#\" target=\"_blank\" class=\"button primary is-outline\" rel=\"noopener\"  >\n    <span>COMPRAR ONLINE<\/span>\n  <i class=\"icon-shopping-bag\" aria-hidden=\"true\" ><\/i><\/a>\n\n\n\n\t\t<\/div>\n\t\t\t\t\t<\/div>\n\n\t\n\n\n<style>\n#row-837422444 > .col > .col-inner {\n  padding: 0px 0px 0px 00px;\n}\n@media (min-width:550px) {\n  #row-837422444 > .col > .col-inner {\n    padding: 60px 60px 0px 60px;\n  }\n}\n<\/style>\n<\/div>\n\n  \n    <div class=\"row large-columns-4 medium-columns-3 small-columns-2 row-xsmall slider row-slider slider-nav-reveal\"  data-flickity-options='{\"imagesLoaded\": true, \"groupCells\": \"100%\", \"dragThreshold\" : 5, \"cellAlign\": \"left\",\"wrapAround\": true,\"prevNextButtons\": true,\"percentPosition\": true,\"pageDots\": false, \"rightToLeft\": false, \"autoPlay\" : false}' >\n\n  <div class=\"gallery-col col\" >\n          <div class=\"col-inner\">\n            <a class=\"image-lightbox lightbox-gallery\" href=\"https:\/\/tudoffice.pt\/beta\/wp-content\/uploads\/2024\/04\/sobre1.jpeg\" title=\"\">            <div class=\"box has-hover gallery-box box-none\">\n              <div class=\"box-image image-cover\" style=\"padding-top:100%;\">\n                <img loading=\"lazy\" decoding=\"async\" width=\"2000\" height=\"934\" src=\"https:\/\/tudoffice.pt\/beta\/wp-content\/uploads\/2024\/04\/sobre1.jpeg\" class=\"attachment-original size-original\" alt=\"\" ids=\"270,269,268,267\" style=\"none\" lightbox_image_size=\"original\" type=\"slider\" col_spacing=\"xsmall\" image_height=\"100%\" image_size=\"original\" srcset=\"https:\/\/tudoffice.pt\/beta\/wp-content\/uploads\/2024\/04\/sobre1.jpeg 2000w, https:\/\/tudoffice.pt\/beta\/wp-content\/uploads\/2024\/04\/sobre1-300x140.jpeg 300w, https:\/\/tudoffice.pt\/beta\/wp-content\/uploads\/2024\/04\/sobre1-1024x478.jpeg 1024w, https:\/\/tudoffice.pt\/beta\/wp-content\/uploads\/2024\/04\/sobre1-768x359.jpeg 768w, https:\/\/tudoffice.pt\/beta\/wp-content\/uploads\/2024\/04\/sobre1-1536x717.jpeg 1536w, https:\/\/tudoffice.pt\/beta\/wp-content\/uploads\/2024\/04\/sobre1-18x8.jpeg 18w\" sizes=\"auto, (max-width: 2000px) 100vw, 2000px\" \/>                                                              <\/div>\n              <div class=\"box-text text-left\" >\n                 <p><\/p>\n              <\/div>\n            <\/div>\n            <\/a>          <\/div>\n         <\/div><div class=\"gallery-col col\" >\n          <div class=\"col-inner\">\n            <a class=\"image-lightbox lightbox-gallery\" href=\"https:\/\/tudoffice.pt\/beta\/wp-content\/uploads\/2024\/04\/sobre3.jpeg\" title=\"\">            <div class=\"box has-hover gallery-box box-none\">\n              <div class=\"box-image image-cover\" style=\"padding-top:100%;\">\n                <img loading=\"lazy\" decoding=\"async\" width=\"2000\" height=\"934\" src=\"https:\/\/tudoffice.pt\/beta\/wp-content\/uploads\/2024\/04\/sobre3.jpeg\" class=\"attachment-original size-original\" alt=\"\" ids=\"270,269,268,267\" style=\"none\" lightbox_image_size=\"original\" type=\"slider\" col_spacing=\"xsmall\" image_height=\"100%\" image_size=\"original\" srcset=\"https:\/\/tudoffice.pt\/beta\/wp-content\/uploads\/2024\/04\/sobre3.jpeg 2000w, https:\/\/tudoffice.pt\/beta\/wp-content\/uploads\/2024\/04\/sobre3-300x140.jpeg 300w, https:\/\/tudoffice.pt\/beta\/wp-content\/uploads\/2024\/04\/sobre3-1024x478.jpeg 1024w, https:\/\/tudoffice.pt\/beta\/wp-content\/uploads\/2024\/04\/sobre3-768x359.jpeg 768w, https:\/\/tudoffice.pt\/beta\/wp-content\/uploads\/2024\/04\/sobre3-1536x717.jpeg 1536w, https:\/\/tudoffice.pt\/beta\/wp-content\/uploads\/2024\/04\/sobre3-18x8.jpeg 18w\" sizes=\"auto, (max-width: 2000px) 100vw, 2000px\" \/>                                                              <\/div>\n              <div class=\"box-text text-left\" >\n                 <p><\/p>\n              <\/div>\n            <\/div>\n            <\/a>          <\/div>\n         <\/div><div class=\"gallery-col col\" >\n          <div class=\"col-inner\">\n            <a class=\"image-lightbox lightbox-gallery\" href=\"https:\/\/tudoffice.pt\/beta\/wp-content\/uploads\/2024\/04\/sobre2.jpeg\" title=\"\">            <div class=\"box has-hover gallery-box box-none\">\n              <div class=\"box-image image-cover\" style=\"padding-top:100%;\">\n                <img loading=\"lazy\" decoding=\"async\" width=\"2000\" height=\"934\" src=\"https:\/\/tudoffice.pt\/beta\/wp-content\/uploads\/2024\/04\/sobre2.jpeg\" class=\"attachment-original size-original\" alt=\"\" ids=\"270,269,268,267\" style=\"none\" lightbox_image_size=\"original\" type=\"slider\" col_spacing=\"xsmall\" image_height=\"100%\" image_size=\"original\" srcset=\"https:\/\/tudoffice.pt\/beta\/wp-content\/uploads\/2024\/04\/sobre2.jpeg 2000w, https:\/\/tudoffice.pt\/beta\/wp-content\/uploads\/2024\/04\/sobre2-300x140.jpeg 300w, https:\/\/tudoffice.pt\/beta\/wp-content\/uploads\/2024\/04\/sobre2-1024x478.jpeg 1024w, https:\/\/tudoffice.pt\/beta\/wp-content\/uploads\/2024\/04\/sobre2-768x359.jpeg 768w, https:\/\/tudoffice.pt\/beta\/wp-content\/uploads\/2024\/04\/sobre2-1536x717.jpeg 1536w, https:\/\/tudoffice.pt\/beta\/wp-content\/uploads\/2024\/04\/sobre2-18x8.jpeg 18w\" sizes=\"auto, (max-width: 2000px) 100vw, 2000px\" \/>                                                              <\/div>\n              <div class=\"box-text text-left\" >\n                 <p><\/p>\n              <\/div>\n            <\/div>\n            <\/a>          <\/div>\n         <\/div><div class=\"gallery-col col\" >\n          <div class=\"col-inner\">\n            <a class=\"image-lightbox lightbox-gallery\" href=\"https:\/\/tudoffice.pt\/beta\/wp-content\/uploads\/2024\/04\/sobre4.jpeg\" title=\"\">            <div class=\"box has-hover gallery-box box-none\">\n              <div class=\"box-image image-cover\" style=\"padding-top:100%;\">\n                <img loading=\"lazy\" decoding=\"async\" width=\"2000\" height=\"934\" src=\"https:\/\/tudoffice.pt\/beta\/wp-content\/uploads\/2024\/04\/sobre4.jpeg\" class=\"attachment-original size-original\" alt=\"\" ids=\"270,269,268,267\" style=\"none\" lightbox_image_size=\"original\" type=\"slider\" col_spacing=\"xsmall\" image_height=\"100%\" image_size=\"original\" srcset=\"https:\/\/tudoffice.pt\/beta\/wp-content\/uploads\/2024\/04\/sobre4.jpeg 2000w, https:\/\/tudoffice.pt\/beta\/wp-content\/uploads\/2024\/04\/sobre4-300x140.jpeg 300w, https:\/\/tudoffice.pt\/beta\/wp-content\/uploads\/2024\/04\/sobre4-1024x478.jpeg 1024w, https:\/\/tudoffice.pt\/beta\/wp-content\/uploads\/2024\/04\/sobre4-768x359.jpeg 768w, https:\/\/tudoffice.pt\/beta\/wp-content\/uploads\/2024\/04\/sobre4-1536x717.jpeg 1536w, https:\/\/tudoffice.pt\/beta\/wp-content\/uploads\/2024\/04\/sobre4-18x8.jpeg 18w\" sizes=\"auto, (max-width: 2000px) 100vw, 2000px\" \/>                                                              <\/div>\n              <div class=\"box-text text-left\" >\n                 <p><\/p>\n              <\/div>\n            <\/div>\n            <\/a>          <\/div>\n         <\/div><\/div>\n\n\n\t\t<\/div>\n\n\t\t\n<style>\n#section_789088352 {\n  padding-top: 30px;\n  padding-bottom: 30px;\n}\n@media (min-width:550px) {\n  #section_789088352 {\n    padding-top: 30px;\n    padding-bottom: 30px;\n  }\n}\n<\/style>\n\t<\/section>\n\t\n\n\t\t<\/div>\n\t\t\t\t\t<\/div>\n\n\t\n\n\n<style>\n#row-1187626587 > .col > .col-inner {\n  padding: px 0px 0px 0px;\n}\n<\/style>\n<\/div>","protected":false},"excerpt":{"rendered":"","protected":false},"author":1,"featured_media":0,"parent":0,"menu_order":0,"comment_status":"closed","ping_status":"closed","template":"page-blank.php","meta":{"_joinchat":[],"footnotes":""},"class_list":["post-36","page","type-page","status-publish","hentry"],"_links":{"self":[{"href":"https:\/\/tudoffice.pt\/beta\/en\/wp-json\/wp\/v2\/pages\/36","targetHints":{"allow":["GET"]}}],"collection":[{"href":"https:\/\/tudoffice.pt\/beta\/en\/wp-json\/wp\/v2\/pages"}],"about":[{"href":"https:\/\/tudoffice.pt\/beta\/en\/wp-json\/wp\/v2\/types\/page"}],"author":[{"embeddable":true,"href":"https:\/\/tudoffice.pt\/beta\/en\/wp-json\/wp\/v2\/users\/1"}],"replies":[{"embeddable":true,"href":"https:\/\/tudoffice.pt\/beta\/en\/wp-json\/wp\/v2\/comments?post=36"}],"version-history":[{"count":12,"href":"https:\/\/tudoffice.pt\/beta\/en\/wp-json\/wp\/v2\/pages\/36\/revisions"}],"predecessor-version":[{"id":272,"href":"https:\/\/tudoffice.pt\/beta\/en\/wp-json\/wp\/v2\/pages\/36\/revisions\/272"}],"wp:attachment":[{"href":"https:\/\/tudoffice.pt\/beta\/en\/wp-json\/wp\/v2\/media?parent=36"}],"curies":[{"name":"wp","href":"https:\/\/api.w.org\/{rel}","templated":true}]}}